{"id":21,"date":"2023-07-01T15:16:26","date_gmt":"2023-07-01T15:16:26","guid":{"rendered":"https:\/\/prodigia.com.ar\/?page_id=21"},"modified":"2025-10-16T16:58:55","modified_gmt":"2025-10-16T16:58:55","slug":"contacto","status":"publish","type":"page","link":"https:\/\/prodigia.com.ar\/index.php\/contacto\/","title":{"rendered":"Contacto"},"content":{"rendered":"\t\t<div data-elementor-type=\"wp-page\" data-elementor-id=\"21\" class=\"elementor elementor-21\">\n\t\t\t\t\t\t<section class=\"elementor-section elementor-top-section elementor-element elementor-element-464e3c50 ct-section-stretched elementor-section-content-middle elementor-section-boxed elementor-section-height-default elementor-section-height-default\" data-id=\"464e3c50\" data-element_type=\"section\" data-e-type=\"section\" data-settings=\"{&quot;background_background&quot;:&quot;classic&quot;}\">\n\t\t\t\t\t\t<div class=\"elementor-container elementor-column-gap-default\">\n\t\t\t\t\t<div class=\"elementor-column elementor-col-100 elementor-top-column elementor-element elementor-element-72a0bbf6\" data-id=\"72a0bbf6\" data-element_type=\"column\" data-e-type=\"column\">\n\t\t\t<div class=\"elementor-widget-wrap elementor-element-populated\">\n\t\t\t\t\t\t<div class=\"elementor-element elementor-element-2071c73b elementor-widget elementor-widget-shortcode\" data-id=\"2071c73b\" data-element_type=\"widget\" data-e-type=\"widget\" data-widget_type=\"shortcode.default\">\n\t\t\t\t<div class=\"elementor-widget-container\">\n\t\t\t\t\t\t\t<div class=\"elementor-shortcode\"><\/div>\n\t\t\t\t\t\t<\/div>\n\t\t\t\t<\/div>\n\t\t\t\t<div class=\"elementor-element elementor-element-5e9af6f0 elementor-widget elementor-widget-heading\" data-id=\"5e9af6f0\" data-element_type=\"widget\" data-e-type=\"widget\" data-widget_type=\"heading.default\">\n\t\t\t\t<div class=\"elementor-widget-container\">\n\t\t\t\t\t<h2 class=\"elementor-heading-title elementor-size-default\">CONTACTO<\/h2>\t\t\t\t<\/div>\n\t\t\t\t<\/div>\n\t\t\t\t\t<\/div>\n\t\t<\/div>\n\t\t\t\t\t<\/div>\n\t\t<\/section>\n\t\t\t\t<section class=\"elementor-section elementor-top-section elementor-element elementor-element-6fa95d8a elementor-section-content-bottom elementor-section-boxed elementor-section-height-default elementor-section-height-default\" data-id=\"6fa95d8a\" data-element_type=\"section\" data-e-type=\"section\">\n\t\t\t\t\t\t<div class=\"elementor-container elementor-column-gap-default\">\n\t\t\t\t\t<div class=\"elementor-column elementor-col-50 elementor-top-column elementor-element elementor-element-30a7e899\" data-id=\"30a7e899\" data-element_type=\"column\" data-e-type=\"column\" data-settings=\"{&quot;background_background&quot;:&quot;classic&quot;}\">\n\t\t\t<div class=\"elementor-widget-wrap elementor-element-populated\">\n\t\t\t\t\t\t<div class=\"elementor-element elementor-element-11630ac8 elementor-widget elementor-widget-image\" data-id=\"11630ac8\" data-element_type=\"widget\" data-e-type=\"widget\" data-widget_type=\"image.default\">\n\t\t\t\t<div class=\"elementor-widget-container\">\n\t\t\t\t\t\t\t\t\t\t\t\t\t\t\t<img fetchpriority=\"high\" decoding=\"async\" width=\"2400\" height=\"1600\" src=\"https:\/\/prodigia.com.ar\/wp-content\/uploads\/2024\/02\/JEAN-9-3.jpg\" class=\"attachment-full size-full wp-image-3337\" alt=\"\" \/>\t\t\t\t\t\t\t\t\t\t\t\t\t\t\t<\/div>\n\t\t\t\t<\/div>\n\t\t\t\t\t<\/div>\n\t\t<\/div>\n\t\t\t\t<div class=\"elementor-column elementor-col-50 elementor-top-column elementor-element elementor-element-19f27579\" data-id=\"19f27579\" data-element_type=\"column\" data-e-type=\"column\">\n\t\t\t<div class=\"elementor-widget-wrap elementor-element-populated\">\n\t\t\t\t\t\t<div class=\"elementor-element elementor-element-8c0e198 elementor-widget elementor-widget-heading\" data-id=\"8c0e198\" data-element_type=\"widget\" data-e-type=\"widget\" data-widget_type=\"heading.default\">\n\t\t\t\t<div class=\"elementor-widget-container\">\n\t\t\t\t\t<h2 class=\"elementor-heading-title elementor-size-default\">Informaci\u00f3n de contacto<\/h2>\t\t\t\t<\/div>\n\t\t\t\t<\/div>\n\t\t\t\t<div class=\"elementor-element elementor-element-1c54c6f6 elementor-widget elementor-widget-text-editor\" data-id=\"1c54c6f6\" data-element_type=\"widget\" data-e-type=\"widget\" data-widget_type=\"text-editor.default\">\n\t\t\t\t<div class=\"elementor-widget-container\">\n\t\t\t\t\t\t\t\t\t<ul><li><strong><strong>Direcci\u00f3n: Bogot\u00e1 3294<\/strong><\/strong><\/li><li><strong>Tel\u00e9fono:<\/strong> +54 9 1139273247<\/li><li><strong>Correo Electr\u00f3nico:<\/strong>\u00a0prodigiaindumentaria@gmail.com<\/li><li><strong>Horario de Atenci\u00f3n:<\/strong> Lunes a Viernes 8:00 a 16:00 Sab. de 8:00 a 14:00<\/li><li><strong>Redes Sociales:<\/strong> @prodigiaofficial<\/li><\/ul>\t\t\t\t\t\t\t\t<\/div>\n\t\t\t\t<\/div>\n\t\t\t\t<div class=\"elementor-element elementor-element-407e7288 elementor-widget elementor-widget-image\" data-id=\"407e7288\" data-element_type=\"widget\" data-e-type=\"widget\" data-widget_type=\"image.default\">\n\t\t\t\t<div class=\"elementor-widget-container\">\n\t\t\t\t\t\t\t\t\t\t\t\t\t\t\t<img decoding=\"async\" width=\"832\" height=\"513\" src=\"https:\/\/prodigia.com.ar\/wp-content\/uploads\/2024\/02\/WhatsApp-Image-2024-02-16-at-12.43.58.jpeg\" class=\"attachment-large size-large wp-image-3668\" alt=\"\" \/>\t\t\t\t\t\t\t\t\t\t\t\t\t\t\t<\/div>\n\t\t\t\t<\/div>\n\t\t\t\t\t<\/div>\n\t\t<\/div>\n\t\t\t\t\t<\/div>\n\t\t<\/section>\n\t\t\t\t<section class=\"elementor-section elementor-top-section elementor-element elementor-element-74b9fc95 elementor-section-boxed elementor-section-height-default elementor-section-height-default\" data-id=\"74b9fc95\" data-element_type=\"section\" data-e-type=\"section\">\n\t\t\t\t\t\t<div class=\"elementor-container elementor-column-gap-default\">\n\t\t\t\t\t<div class=\"elementor-column elementor-col-50 elementor-top-column elementor-element elementor-element-68e10032\" data-id=\"68e10032\" data-element_type=\"column\" data-e-type=\"column\">\n\t\t\t<div class=\"elementor-widget-wrap elementor-element-populated\">\n\t\t\t\t\t\t<div class=\"elementor-element elementor-element-6076cb0e elementor-widget elementor-widget-text-editor\" data-id=\"6076cb0e\" data-element_type=\"widget\" data-e-type=\"widget\" data-widget_type=\"text-editor.default\">\n\t\t\t\t<div class=\"elementor-widget-container\">\n\t\t\t\t\t\t\t\t\t<p>Productos mas recientes<\/p>\t\t\t\t\t\t\t\t<\/div>\n\t\t\t\t<\/div>\n\t\t\t\t<div class=\"elementor-element elementor-element-786b6df5 elementor-widget elementor-widget-heading\" data-id=\"786b6df5\" data-element_type=\"widget\" data-e-type=\"widget\" data-widget_type=\"heading.default\">\n\t\t\t\t<div class=\"elementor-widget-container\">\n\t\t\t\t\t<h2 class=\"elementor-heading-title elementor-size-default\">Nuevos Ingresos<\/h2>\t\t\t\t<\/div>\n\t\t\t\t<\/div>\n\t\t\t\t\t<\/div>\n\t\t<\/div>\n\t\t\t\t<div class=\"elementor-column elementor-col-50 elementor-top-column elementor-element elementor-element-2de8d938\" data-id=\"2de8d938\" data-element_type=\"column\" data-e-type=\"column\">\n\t\t\t<div class=\"elementor-widget-wrap elementor-element-populated\">\n\t\t\t\t\t\t<div class=\"elementor-element elementor-element-3ffce411 elementor-align-right elementor-mobile-align-center elementor-widget elementor-widget-button\" data-id=\"3ffce411\" data-element_type=\"widget\" data-e-type=\"widget\" data-widget_type=\"button.default\">\n\t\t\t\t<div class=\"elementor-widget-container\">\n\t\t\t\t\t\t\t\t\t<div class=\"elementor-button-wrapper\">\n\t\t\t\t\t<a class=\"elementor-button elementor-button-link elementor-size-sm\" href=\"#\">\n\t\t\t\t\t\t<span class=\"elementor-button-content-wrapper\">\n\t\t\t\t\t\t\t\t\t<span class=\"elementor-button-text\">VER TODO<\/span>\n\t\t\t\t\t<\/span>\n\t\t\t\t\t<\/a>\n\t\t\t\t<\/div>\n\t\t\t\t\t\t\t\t<\/div>\n\t\t\t\t<\/div>\n\t\t\t\t\t<\/div>\n\t\t<\/div>\n\t\t\t\t\t<\/div>\n\t\t<\/section>\n\t\t\t\t<section class=\"elementor-section elementor-top-section elementor-element elementor-element-24620f28 elementor-section-boxed elementor-section-height-default elementor-section-height-default\" data-id=\"24620f28\" data-element_type=\"section\" data-e-type=\"section\">\n\t\t\t\t\t\t<div class=\"elementor-container elementor-column-gap-default\">\n\t\t\t\t\t<div class=\"elementor-column elementor-col-100 elementor-top-column elementor-element elementor-element-573fa146\" data-id=\"573fa146\" data-element_type=\"column\" data-e-type=\"column\">\n\t\t\t<div class=\"elementor-widget-wrap elementor-element-populated\">\n\t\t\t\t\t\t<div class=\"elementor-element elementor-element-637a9266 elementor-widget elementor-widget-shortcode\" data-id=\"637a9266\" data-element_type=\"widget\" data-e-type=\"widget\" data-widget_type=\"shortcode.default\">\n\t\t\t\t<div class=\"elementor-widget-container\">\n\t\t\t\t\t\t\t<div class=\"elementor-shortcode\"><div class=\"woocommerce columns-4 \"><ul class=\"products columns-4\" data-products=\"type-2\" data-hover=\"swap\">\n<li class=\"product type-product post-18533 status-publish first instock product_cat-pantalones has-post-thumbnail shipping-taxable purchasable product-type-variable\">\n\t<a href=\"https:\/\/prodigia.com.ar\/index.php\/producto\/wide-con-tachas\/\" class=\"woocommerce-LoopProduct-link woocommerce-loop-product__link\"><img decoding=\"async\" width=\"500\" height=\"375\" src=\"https:\/\/prodigia.com.ar\/wp-content\/uploads\/2026\/04\/IMG_4952.jpeg\" class=\"attachment-woocommerce_thumbnail size-woocommerce_thumbnail\" alt=\"WIDE CON TACHAS\" \/><h2 class=\"woocommerce-loop-product__title\">WIDE CON TACHAS<\/h2>\n\t<span class=\"price\"><span class=\"woocommerce-Price-amount amount\"><bdi><span class=\"woocommerce-Price-currencySymbol\">&#36;<\/span>&nbsp;22.000,00<\/bdi><\/span><\/span>\n<\/a><a href=\"https:\/\/prodigia.com.ar\/index.php\/producto\/wide-con-tachas\/\" aria-describedby=\"woocommerce_loop_add_to_cart_link_describedby_18533\" data-quantity=\"1\" class=\"button product_type_variable add_to_cart_button\" data-product_id=\"18533\" data-product_sku=\"\" aria-label=\"Elige las opciones para &ldquo;WIDE CON TACHAS&rdquo;\" rel=\"nofollow\">Seleccionar opciones<\/a>\t<span id=\"woocommerce_loop_add_to_cart_link_describedby_18533\" class=\"screen-reader-text\">\n\t\tEste producto tiene m\u00faltiples variantes. Las opciones se pueden elegir en la p\u00e1gina de producto\t<\/span>\n<\/li>\n<li class=\"product type-product post-18438 status-publish instock product_cat-pantalones has-post-thumbnail shipping-taxable purchasable product-type-variable\">\n\t<a href=\"https:\/\/prodigia.com.ar\/index.php\/producto\/wide-cargo-lineas\/\" class=\"woocommerce-LoopProduct-link woocommerce-loop-product__link\"><img loading=\"lazy\" decoding=\"async\" width=\"500\" height=\"740\" src=\"https:\/\/prodigia.com.ar\/wp-content\/uploads\/2026\/04\/IMG-20260416-WA0181.jpg\" class=\"attachment-woocommerce_thumbnail size-woocommerce_thumbnail\" alt=\"WIDE CARGO LINEAS\" \/><h2 class=\"woocommerce-loop-product__title\">WIDE CARGO LINEAS<\/h2>\n\t<span class=\"price\"><span class=\"woocommerce-Price-amount amount\"><bdi><span class=\"woocommerce-Price-currencySymbol\">&#36;<\/span>&nbsp;23.000,00<\/bdi><\/span><\/span>\n<\/a><a href=\"https:\/\/prodigia.com.ar\/index.php\/producto\/wide-cargo-lineas\/\" aria-describedby=\"woocommerce_loop_add_to_cart_link_describedby_18438\" data-quantity=\"1\" class=\"button product_type_variable add_to_cart_button\" data-product_id=\"18438\" data-product_sku=\"\" aria-label=\"Elige las opciones para &ldquo;WIDE CARGO LINEAS&rdquo;\" rel=\"nofollow\">Seleccionar opciones<\/a>\t<span id=\"woocommerce_loop_add_to_cart_link_describedby_18438\" class=\"screen-reader-text\">\n\t\tEste producto tiene m\u00faltiples variantes. Las opciones se pueden elegir en la p\u00e1gina de producto\t<\/span>\n<\/li>\n<li class=\"product type-product post-18424 status-publish instock product_cat-camisetas-poleras-remeras has-post-thumbnail shipping-taxable purchasable product-type-simple\">\n\t<a href=\"https:\/\/prodigia.com.ar\/index.php\/producto\/camiseta-cuello-cuadrado-estampado\/\" class=\"woocommerce-LoopProduct-link woocommerce-loop-product__link\"><img loading=\"lazy\" decoding=\"async\" width=\"500\" height=\"667\" src=\"https:\/\/prodigia.com.ar\/wp-content\/uploads\/2026\/04\/WhatsApp-Image-2025-04-30-at-14.37.45.webp\" class=\"attachment-woocommerce_thumbnail size-woocommerce_thumbnail\" alt=\"CAMISETA CUELLO CUADRADO ESTAMPADO\" \/><h2 class=\"woocommerce-loop-product__title\">CAMISETA CUELLO CUADRADO ESTAMPADO<\/h2>\n\t<span class=\"price\"><span class=\"woocommerce-Price-amount amount\"><bdi><span class=\"woocommerce-Price-currencySymbol\">&#36;<\/span>&nbsp;2.500,00<\/bdi><\/span><\/span>\n<\/a><a href=\"\/index.php\/wp-json\/wp\/v2\/pages\/21?add-to-cart=18424\" aria-describedby=\"woocommerce_loop_add_to_cart_link_describedby_18424\" data-quantity=\"1\" class=\"button product_type_simple add_to_cart_button ajax_add_to_cart\" data-product_id=\"18424\" data-product_sku=\"\" aria-label=\"A\u00f1adir al carrito: &ldquo;CAMISETA CUELLO CUADRADO ESTAMPADO&rdquo;\" rel=\"nofollow\" data-success_message=\"\u00abCAMISETA CUELLO CUADRADO ESTAMPADO\u00bb se ha a\u00f1adido a tu carrito\">A\u00f1adir al carrito<\/a>\t<span id=\"woocommerce_loop_add_to_cart_link_describedby_18424\" class=\"screen-reader-text\">\n\t\t\t<\/span>\n<\/li>\n<li class=\"product type-product post-18420 status-publish last instock product_cat-camisetas-poleras-remeras has-post-thumbnail shipping-taxable purchasable product-type-simple\">\n\t<a href=\"https:\/\/prodigia.com.ar\/index.php\/producto\/camiseta-cuello-v-estampado\/\" class=\"woocommerce-LoopProduct-link woocommerce-loop-product__link\"><img loading=\"lazy\" decoding=\"async\" width=\"500\" height=\"718\" src=\"https:\/\/prodigia.com.ar\/wp-content\/uploads\/2026\/04\/WhatsApp-Image-2025-04-30-at-14.37.46.webp\" class=\"attachment-woocommerce_thumbnail size-woocommerce_thumbnail\" alt=\"CAMISETA CUELLO V ESTAMPADO\" \/><h2 class=\"woocommerce-loop-product__title\">CAMISETA CUELLO V ESTAMPADO<\/h2>\n\t<span class=\"price\"><span class=\"woocommerce-Price-amount amount\"><bdi><span class=\"woocommerce-Price-currencySymbol\">&#36;<\/span>&nbsp;2.500,00<\/bdi><\/span><\/span>\n<\/a><a href=\"\/index.php\/wp-json\/wp\/v2\/pages\/21?add-to-cart=18420\" aria-describedby=\"woocommerce_loop_add_to_cart_link_describedby_18420\" data-quantity=\"1\" class=\"button product_type_simple add_to_cart_button ajax_add_to_cart\" data-product_id=\"18420\" data-product_sku=\"\" aria-label=\"A\u00f1adir al carrito: &ldquo;CAMISETA CUELLO V ESTAMPADO&rdquo;\" rel=\"nofollow\" data-success_message=\"\u00abCAMISETA CUELLO V ESTAMPADO\u00bb se ha a\u00f1adido a tu carrito\">A\u00f1adir al carrito<\/a>\t<span id=\"woocommerce_loop_add_to_cart_link_describedby_18420\" class=\"screen-reader-text\">\n\t\t\t<\/span>\n<\/li>\n<\/ul>\n<\/div><\/div>\n\t\t\t\t\t\t<\/div>\n\t\t\t\t<\/div>\n\t\t\t\t\t<\/div>\n\t\t<\/div>\n\t\t\t\t\t<\/div>\n\t\t<\/section>\n\t\t\t\t<section class=\"elementor-section elementor-top-section elementor-element elementor-element-a81bb25 elementor-section-boxed elementor-section-height-default elementor-section-height-default\" data-id=\"a81bb25\" data-element_type=\"section\" data-e-type=\"section\" data-settings=\"{&quot;background_background&quot;:&quot;classic&quot;}\">\n\t\t\t\t\t\t\t<div class=\"elementor-background-overlay\"><\/div>\n\t\t\t\t\t\t\t<div class=\"elementor-container elementor-column-gap-default\">\n\t\t\t\t\t<div class=\"elementor-column elementor-col-100 elementor-top-column elementor-element elementor-element-7318de4f\" data-id=\"7318de4f\" data-element_type=\"column\" data-e-type=\"column\">\n\t\t\t<div class=\"elementor-widget-wrap elementor-element-populated\">\n\t\t\t\t\t\t<div class=\"elementor-element elementor-element-1f7fa25f elementor-widget elementor-widget-heading\" data-id=\"1f7fa25f\" data-element_type=\"widget\" data-e-type=\"widget\" data-widget_type=\"heading.default\">\n\t\t\t\t<div class=\"elementor-widget-container\">\n\t\t\t\t\t<h2 class=\"elementor-heading-title elementor-size-default\">UBICACI\u00d3N<\/h2>\t\t\t\t<\/div>\n\t\t\t\t<\/div>\n\t\t\t\t<div class=\"elementor-element elementor-element-6b406ea4 elementor-widget elementor-widget-google_maps\" data-id=\"6b406ea4\" data-element_type=\"widget\" data-e-type=\"widget\" data-widget_type=\"google_maps.default\">\n\t\t\t\t<div class=\"elementor-widget-container\">\n\t\t\t\t\t\t\t<div class=\"elementor-custom-embed\">\n\t\t\t<iframe loading=\"lazy\"\n\t\t\t\t\tsrc=\"https:\/\/maps.google.com\/maps?q=Av.%20Avellaneda%203478&#038;t=m&#038;z=13&#038;output=embed&#038;iwloc=near\"\n\t\t\t\t\ttitle=\"Av. Avellaneda 3478\"\n\t\t\t\t\taria-label=\"Av. Avellaneda 3478\"\n\t\t\t><\/iframe>\n\t\t<\/div>\n\t\t\t\t\t\t<\/div>\n\t\t\t\t<\/div>\n\t\t\t\t\t<\/div>\n\t\t<\/div>\n\t\t\t\t\t<\/div>\n\t\t<\/section>\n\t\t\t\t<\/div>\n\t\t","protected":false},"excerpt":{"rendered":"<p>CONTACTO Informaci\u00f3n de contacto Direcci\u00f3n: Bogot\u00e1 3294 Tel\u00e9fono: +54 9 1139273247 Correo Electr\u00f3nico:\u00a0prodigiaindumentaria@gmail.com Horario de Atenci\u00f3n: Lunes a Viernes 8:00 a 16:00 Sab. de 8:00 a 14:00 Redes Sociales: @prodigiaofficial Productos mas recientes Nuevos Ingresos VER TODO UBICACI\u00d3N<\/p>\n","protected":false},"author":1,"featured_media":0,"parent":0,"menu_order":0,"comment_status":"closed","ping_status":"closed","template":"","meta":{"footnotes":""},"class_list":["post-21","page","type-page","status-publish","hentry"],"blocksy_meta":[],"_links":{"self":[{"href":"https:\/\/prodigia.com.ar\/index.php\/wp-json\/wp\/v2\/pages\/21","targetHints":{"allow":["GET"]}}],"collection":[{"href":"https:\/\/prodigia.com.ar\/index.php\/wp-json\/wp\/v2\/pages"}],"about":[{"href":"https:\/\/prodigia.com.ar\/index.php\/wp-json\/wp\/v2\/types\/page"}],"author":[{"embeddable":true,"href":"https:\/\/prodigia.com.ar\/index.php\/wp-json\/wp\/v2\/users\/1"}],"replies":[{"embeddable":true,"href":"https:\/\/prodigia.com.ar\/index.php\/wp-json\/wp\/v2\/comments?post=21"}],"version-history":[{"count":19,"href":"https:\/\/prodigia.com.ar\/index.php\/wp-json\/wp\/v2\/pages\/21\/revisions"}],"predecessor-version":[{"id":15205,"href":"https:\/\/prodigia.com.ar\/index.php\/wp-json\/wp\/v2\/pages\/21\/revisions\/15205"}],"wp:attachment":[{"href":"https:\/\/prodigia.com.ar\/index.php\/wp-json\/wp\/v2\/media?parent=21"}],"curies":[{"name":"wp","href":"https:\/\/api.w.org\/{rel}","templated":true}]}}